{"id":283,"date":"2025-06-06T08:47:35","date_gmt":"2025-06-06T01:47:35","guid":{"rendered":"https:\/\/demo-tss-hva.deltalabsjsc.com\/?page_id=283"},"modified":"2025-06-06T16:28:31","modified_gmt":"2025-06-06T09:28:31","slug":"contact","status":"publish","type":"page","link":"https:\/\/demo-tss-hva.deltalabsjsc.com\/en\/contact\/","title":{"rendered":"Contact"},"content":{"rendered":"<div data-elementor-type=\"wp-page\" data-elementor-id=\"283\" class=\"elementor elementor-283\" data-elementor-post-type=\"page\">\n\t\t\t\t<div class=\"elementor-element elementor-element-41cacb5 e-flex e-con-boxed e-con e-parent\" data-id=\"41cacb5\" data-element_type=\"container\" data-settings=\"{&quot;background_background&quot;:&quot;classic&quot;,&quot;shape_divider_bottom&quot;:&quot;clouds&quot;}\">\n\t\t\t\t\t<div class=\"e-con-inner\">\n\t\t\t\t<div class=\"elementor-shape elementor-shape-bottom\" aria-hidden=\"true\" data-negative=\"false\">\n\t\t\t<svg xmlns=\"http:\/\/www.w3.org\/2000\/svg\" viewbox=\"0 0 283.5 27.8\" preserveaspectratio=\"xMidYMax slice\">\n  <path class=\"elementor-shape-fill\" d=\"M0 0v6.7c1.9-.8 4.7-1.4 8.5-1 9.5 1.1 11.1 6 11.1 6s2.1-.7 4.3-.2c2.1.5 2.8 2.6 2.8 2.6s.2-.5 1.4-.7c1.2-.2 1.7.2 1.7.2s0-2.1 1.9-2.8c1.9-.7 3.6.7 3.6.7s.7-2.9 3.1-4.1 4.7 0 4.7 0 1.2-.5 2.4 0 1.7 1.4 1.7 1.4h1.4c.7 0 1.2.7 1.2.7s.8-1.8 4-2.2c3.5-.4 5.3 2.4 6.2 4.4.4-.4 1-.7 1.8-.9 2.8-.7 4 .7 4 .7s1.7-5 11.1-6c9.5-1.1 12.3 3.9 12.3 3.9s1.2-4.8 5.7-5.7c4.5-.9 6.8 1.8 6.8 1.8s.6-.6 1.5-.9c.9-.2 1.9-.2 1.9-.2s5.2-6.4 12.6-3.3c7.3 3.1 4.7 9 4.7 9s1.9-.9 4 0 2.8 2.4 2.8 2.4 1.9-1.2 4.5-1.2 4.3 1.2 4.3 1.2.2-1 1.4-1.7 2.1-.7 2.1-.7-.5-3.1 2.1-5.5 5.7-1.4 5.7-1.4 1.5-2.3 4.2-1.1c2.7 1.2 1.7 5.2 1.7 5.2s.3-.1 1.3.5c.5.4.8.8.9 1.1.5-1.4 2.4-5.8 8.4-4 7.1 2.1 3.5 8.9 3.5 8.9s.8-.4 2 0 1.1 1.1 1.1 1.1 1.1-1.1 2.3-1.1 2.1.5 2.1.5 1.9-3.6 6.2-1.2 1.9 6.4 1.9 6.4 2.6-2.4 7.4 0c3.4 1.7 3.9 4.9 3.9 4.9s3.3-6.9 10.4-7.9 11.5 2.6 11.5 2.6.8 0 1.2.2c.4.2.9.9.9.9s4.4-3.1 8.3.2c1.9 1.7 1.5 5 1.5 5s.3-1.1 1.6-1.4c1.3-.3 2.3.2 2.3.2s-.1-1.2.5-1.9 1.9-.9 1.9-.9-4.7-9.3 4.4-13.4c5.6-2.5 9.2.9 9.2.9s5-6.2 15.9-6.2 16.1 8.1 16.1 8.1.7-.2 1.6-.4V0H0z\"\/>\n<\/svg>\n\t\t<\/div>\n\t\t\t\t<div class=\"elementor-element elementor-element-f39213a elementor-widget elementor-widget-heading\" data-id=\"f39213a\" data-element_type=\"widget\" data-widget_type=\"heading.default\">\n\t\t\t\t\t<h1 class=\"elementor-heading-title elementor-size-default\">Contact<\/h1>\t\t\t\t<\/div>\n\t\t\t\t\t<\/div>\n\t\t\t\t<\/div>\n\t\t<div class=\"elementor-element elementor-element-34f27a0 e-flex e-con-boxed e-con e-parent\" data-id=\"34f27a0\" data-element_type=\"container\">\n\t\t\t\t\t<div class=\"e-con-inner\">\n\t\t<div class=\"elementor-element elementor-element-1344a8c e-con-full ct__background-cloud e-flex e-con e-child\" data-id=\"1344a8c\" data-element_type=\"container\">\n\t\t\t\t<div class=\"elementor-element elementor-element-81e2f8b elementor-view-framed elementor-shape-circle elementor-widget elementor-widget-icon\" data-id=\"81e2f8b\" data-element_type=\"widget\" data-widget_type=\"icon.default\">\n\t\t\t\t\t\t\t<div class=\"elementor-icon-wrapper\">\n\t\t\t<div class=\"elementor-icon\">\n\t\t\t<svg aria-hidden=\"true\" class=\"e-font-icon-svg e-fas-envelope\" viewbox=\"0 0 512 512\" xmlns=\"http:\/\/www.w3.org\/2000\/svg\"><path d=\"M502.3 190.8c3.9-3.1 9.7-.2 9.7 4.7V400c0 26.5-21.5 48-48 48H48c-26.5 0-48-21.5-48-48V195.6c0-5 5.7-7.8 9.7-4.7 22.4 17.4 52.1 39.5 154.1 113.6 21.1 15.4 56.7 47.8 92.2 47.6 35.7.3 72-32.8 92.3-47.6 102-74.1 131.6-96.3 154-113.7zM256 320c23.2.4 56.6-29.2 73.4-41.4 132.7-96.3 142.8-104.7 173.4-128.7 5.8-4.5 9.2-11.5 9.2-18.9v-19c0-26.5-21.5-48-48-48H48C21.5 64 0 85.5 0 112v19c0 7.4 3.4 14.3 9.2 18.9 30.6 23.9 40.7 32.4 173.4 128.7 16.8 12.2 50.2 41.8 73.4 41.4z\"><\/path><\/svg>\t\t\t<\/div>\n\t\t<\/div>\n\t\t\t\t\t\t<\/div>\n\t\t\t\t<div class=\"elementor-element elementor-element-2d2406a elementor-widget elementor-widget-heading\" data-id=\"2d2406a\" data-element_type=\"widget\" data-widget_type=\"heading.default\">\n\t\t\t\t\t<h3 class=\"elementor-heading-title elementor-size-default\">Email Address<\/h3>\t\t\t\t<\/div>\n\t\t\t\t<div class=\"elementor-element elementor-element-fe7176a elementor-widget elementor-widget-text-editor\" data-id=\"fe7176a\" data-element_type=\"widget\" data-widget_type=\"text-editor.default\">\n\t\t\t\t\t\t\t\t\t<p><span style=\"color: #757575;\"><a style=\"color: #757575;\" href=\"mailto:contact@hva.vn\">contact@hva.vn<\/a><\/span><\/p>\t\t\t\t\t\t\t\t<\/div>\n\t\t\t\t<\/div>\n\t\t<div class=\"elementor-element elementor-element-285e723 e-con-full ct__background-cloud e-flex e-con e-child\" data-id=\"285e723\" data-element_type=\"container\">\n\t\t\t\t<div class=\"elementor-element elementor-element-255b18e elementor-view-framed elementor-shape-circle elementor-widget elementor-widget-icon\" data-id=\"255b18e\" data-element_type=\"widget\" data-widget_type=\"icon.default\">\n\t\t\t\t\t\t\t<div class=\"elementor-icon-wrapper\">\n\t\t\t<div class=\"elementor-icon\">\n\t\t\t<svg aria-hidden=\"true\" class=\"e-font-icon-svg e-fas-globe\" viewbox=\"0 0 496 512\" xmlns=\"http:\/\/www.w3.org\/2000\/svg\"><path d=\"M336.5 160C322 70.7 287.8 8 248 8s-74 62.7-88.5 152h177zM152 256c0 22.2 1.2 43.5 3.3 64h185.3c2.1-20.5 3.3-41.8 3.3-64s-1.2-43.5-3.3-64H155.3c-2.1 20.5-3.3 41.8-3.3 64zm324.7-96c-28.6-67.9-86.5-120.4-158-141.6 24.4 33.8 41.2 84.7 50 141.6h108zM177.2 18.4C105.8 39.6 47.8 92.1 19.3 160h108c8.7-56.9 25.5-107.8 49.9-141.6zM487.4 192H372.7c2.1 21 3.3 42.5 3.3 64s-1.2 43-3.3 64h114.6c5.5-20.5 8.6-41.8 8.6-64s-3.1-43.5-8.5-64zM120 256c0-21.5 1.2-43 3.3-64H8.6C3.2 212.5 0 233.8 0 256s3.2 43.5 8.6 64h114.6c-2-21-3.2-42.5-3.2-64zm39.5 96c14.5 89.3 48.7 152 88.5 152s74-62.7 88.5-152h-177zm159.3 141.6c71.4-21.2 129.4-73.7 158-141.6h-108c-8.8 56.9-25.6 107.8-50 141.6zM19.3 352c28.6 67.9 86.5 120.4 158 141.6-24.4-33.8-41.2-84.7-50-141.6h-108z\"><\/path><\/svg>\t\t\t<\/div>\n\t\t<\/div>\n\t\t\t\t\t\t<\/div>\n\t\t\t\t<div class=\"elementor-element elementor-element-596a0aa elementor-widget elementor-widget-heading\" data-id=\"596a0aa\" data-element_type=\"widget\" data-widget_type=\"heading.default\">\n\t\t\t\t\t<h3 class=\"elementor-heading-title elementor-size-default\">Website<\/h3>\t\t\t\t<\/div>\n\t\t\t\t<div class=\"elementor-element elementor-element-be8c238 elementor-widget elementor-widget-text-editor\" data-id=\"be8c238\" data-element_type=\"widget\" data-widget_type=\"text-editor.default\">\n\t\t\t\t\t\t\t\t\t<p><span style=\"color: #757575;\"><a style=\"color: #757575;\" href=\"https:\/\/tss.hva.vn\">https:\/\/tss.hva.vn<\/a><\/span><\/p>\t\t\t\t\t\t\t\t<\/div>\n\t\t\t\t<\/div>\n\t\t\t\t\t<\/div>\n\t\t\t\t<\/div>\n\t\t<div class=\"elementor-element elementor-element-5ae9a7a e-flex e-con-boxed e-con e-parent\" data-id=\"5ae9a7a\" data-element_type=\"container\">\n\t\t\t\t\t<div class=\"e-con-inner\">\n\t\t\t\t<div class=\"elementor-element elementor-element-fbd7960 elementor-widget elementor-widget-heading\" data-id=\"fbd7960\" data-element_type=\"widget\" data-widget_type=\"heading.default\">\n\t\t\t\t\t<h2 class=\"elementor-heading-title elementor-size-default\">Get In touch With Us<\/h2>\t\t\t\t<\/div>\n\t\t\t\t<div class=\"elementor-element elementor-element-6a64712 elementor-widget elementor-widget-heading\" data-id=\"6a64712\" data-element_type=\"widget\" data-widget_type=\"heading.default\">\n\t\t\t\t\t<p class=\"elementor-heading-title elementor-size-default\">Sign up before invest your asset.<\/p>\t\t\t\t<\/div>\n\t\t\t\t<div class=\"elementor-element elementor-element-acd23cd ct__form-submit elementor-button-align-stretch elementor-widget elementor-widget-form\" data-id=\"acd23cd\" data-element_type=\"widget\" data-settings=\"{&quot;step_next_label&quot;:&quot;Next&quot;,&quot;step_previous_label&quot;:&quot;Previous&quot;,&quot;button_width&quot;:&quot;100&quot;,&quot;step_type&quot;:&quot;number_text&quot;,&quot;step_icon_shape&quot;:&quot;circle&quot;}\" data-widget_type=\"form.default\">\n\t\t\t\t\t\t\t<form class=\"elementor-form\" method=\"post\" name=\"Form li\u00ean h\u1ec7 web tss.hva.vn\" action=\"\">\n\t\t\t<input type=\"hidden\" name=\"post_id\" value=\"283\"\/>\n\t\t\t<input type=\"hidden\" name=\"form_id\" value=\"acd23cd\"\/>\n\t\t\t<input type=\"hidden\" name=\"referer_title\" value=\"\u0110\u1ea7u t\u01b0 t\u00e0i s\u1ea3n s\u1ed1 d\u1ec5 d\u00e0ng, an to\u00e0n v\u00e0 sinh l\u1ee3i v\u01b0\u1ee3t tr\u1ed9i\" \/>\n\n\t\t\t\t\t\t\t<input type=\"hidden\" name=\"queried_id\" value=\"283\"\/>\n\t\t\t\n\t\t\t<div class=\"elementor-form-fields-wrapper elementor-labels-above\">\n\t\t\t\t\t\t\t\t<div class=\"elementor-field-type-text elementor-field-group elementor-column elementor-field-group-name elementor-col-50 elementor-field-required\">\n\t\t\t\t\t\t\t\t\t\t\t\t<label for=\"form-field-name\" class=\"elementor-field-label\">\n\t\t\t\t\t\t\t\tName\t\t\t\t\t\t\t<\/label>\n\t\t\t\t\t\t\t\t\t\t\t\t\t\t<input size=\"1\" type=\"text\" name=\"form_fields[name]\" id=\"form-field-name\" class=\"elementor-field elementor-size-sm  elementor-field-textual\" required=\"required\">\n\t\t\t\t\t\t\t\t\t\t\t<\/div>\n\t\t\t\t\t\t\t\t<div class=\"elementor-field-type-email elementor-field-group elementor-column elementor-field-group-email elementor-col-50 elementor-field-required\">\n\t\t\t\t\t\t\t\t\t\t\t\t<label for=\"form-field-email\" class=\"elementor-field-label\">\n\t\t\t\t\t\t\t\tEmail\t\t\t\t\t\t\t<\/label>\n\t\t\t\t\t\t\t\t\t\t\t\t\t\t<input size=\"1\" type=\"email\" name=\"form_fields[email]\" id=\"form-field-email\" class=\"elementor-field elementor-size-sm  elementor-field-textual\" required=\"required\">\n\t\t\t\t\t\t\t\t\t\t\t<\/div>\n\t\t\t\t\t\t\t\t<div class=\"elementor-field-type-text elementor-field-group elementor-column elementor-field-group-field_e389c0d elementor-col-100 elementor-field-required\">\n\t\t\t\t\t\t\t\t\t\t\t\t<label for=\"form-field-field_e389c0d\" class=\"elementor-field-label\">\n\t\t\t\t\t\t\t\tSubject\t\t\t\t\t\t\t<\/label>\n\t\t\t\t\t\t\t\t\t\t\t\t\t\t<input size=\"1\" type=\"text\" name=\"form_fields[field_e389c0d]\" id=\"form-field-field_e389c0d\" class=\"elementor-field elementor-size-sm  elementor-field-textual\" required=\"required\">\n\t\t\t\t\t\t\t\t\t\t\t<\/div>\n\t\t\t\t\t\t\t\t<div class=\"elementor-field-type-textarea elementor-field-group elementor-column elementor-field-group-message elementor-col-100 elementor-field-required\">\n\t\t\t\t\t\t\t\t\t\t\t\t<label for=\"form-field-message\" class=\"elementor-field-label\">\n\t\t\t\t\t\t\t\tWrite Messages\t\t\t\t\t\t\t<\/label>\n\t\t\t\t\t\t<textarea class=\"elementor-field-textual elementor-field  elementor-size-sm\" name=\"form_fields[message]\" id=\"form-field-message\" rows=\"6\" required=\"required\"><\/textarea>\t\t\t\t<\/div>\n\t\t\t\t\t\t\t\t<div class=\"elementor-field-group elementor-column elementor-field-type-submit elementor-col-100 e-form__buttons\">\n\t\t\t\t\t<button class=\"elementor-button elementor-size-sm\" type=\"submit\">\n\t\t\t\t\t\t<span class=\"elementor-button-content-wrapper\">\n\t\t\t\t\t\t\t\t\t\t\t\t\t\t\t\t\t\t\t\t\t\t<span class=\"elementor-button-text\">Send Messages<\/span>\n\t\t\t\t\t\t\t\t\t\t\t\t\t<\/span>\n\t\t\t\t\t<\/button>\n\t\t\t\t<\/div>\n\t\t\t<\/div>\n\t\t<input type=\"hidden\" name=\"trp-form-language\" value=\"en\"\/><\/form>\n\t\t\t\t\t\t<\/div>\n\t\t\t\t\t<\/div>\n\t\t\t\t<\/div>\n\t\t\t\t<\/div>","protected":false},"excerpt":{"rendered":"<p>Li\u00ean h\u1ec7 \u0110\u1ecba ch\u1ec9 email contact@hva.vn Trang web https:\/\/tss.hva.vn Li\u00ean h\u1ec7 v\u1edbi ch\u00fang t\u00f4i \u0110\u0103ng k\u00fd tr\u01b0\u1edbc khi \u0111\u1ea7u t\u01b0 t\u00e0i s\u1ea3n c\u1ee7a b\u1ea1n.<\/p>","protected":false},"author":1,"featured_media":35,"parent":0,"menu_order":0,"comment_status":"closed","ping_status":"closed","template":"","meta":{"footnotes":""},"class_list":["post-283","page","type-page","status-publish","has-post-thumbnail","hentry"],"yoast_head":"<!-- This site is optimized with the Yoast SEO plugin v25.8 - https:\/\/yoast.com\/wordpress\/plugins\/seo\/ -->\n<title>\u0110\u1ea7u t\u01b0 t\u00e0i s\u1ea3n s\u1ed1 d\u1ec5 d\u00e0ng, an to\u00e0n v\u00e0 sinh l\u1ee3i v\u01b0\u1ee3t tr\u1ed9i<\/title>\n<meta name=\"description\" content=\"T\u1eadn d\u1ee5ng s\u1ee9c m\u1ea1nh c\u1ee7a n\u1ec1n t\u1ea3ng blockchain \u0111\u1ec3 t\u1ea1o ngu\u1ed3n thu nh\u1eadp b\u1ec1n v\u1eefng. Qu\u1ea3n l\u00fd t\u00e0i s\u1ea3n hi\u1ec7u qu\u1ea3 v\u00e0 t\u1ed1i \u01b0u l\u1ee3i nhu\u1eadn v\u1edbi c\u00f4ng ngh\u1ec7 ti\u00ean ti\u1ebfn.\" \/>\n<meta name=\"robots\" content=\"noindex, follow, max-snippet:-1, max-image-preview:large, max-video-preview:-1\" \/>\n<meta property=\"og:locale\" content=\"en_US\" \/>\n<meta property=\"og:type\" content=\"article\" \/>\n<meta property=\"og:title\" content=\"\u0110\u1ea7u t\u01b0 t\u00e0i s\u1ea3n s\u1ed1 d\u1ec5 d\u00e0ng, an to\u00e0n v\u00e0 sinh l\u1ee3i v\u01b0\u1ee3t tr\u1ed9i\" \/>\n<meta property=\"og:description\" content=\"T\u1eadn d\u1ee5ng s\u1ee9c m\u1ea1nh c\u1ee7a n\u1ec1n t\u1ea3ng blockchain \u0111\u1ec3 t\u1ea1o ngu\u1ed3n thu nh\u1eadp b\u1ec1n v\u1eefng. Qu\u1ea3n l\u00fd t\u00e0i s\u1ea3n hi\u1ec7u qu\u1ea3 v\u00e0 t\u1ed1i \u01b0u l\u1ee3i nhu\u1eadn v\u1edbi c\u00f4ng ngh\u1ec7 ti\u00ean ti\u1ebfn.\" \/>\n<meta property=\"og:url\" content=\"https:\/\/demo-tss-hva.deltalabsjsc.com\/en\/contact\/\" \/>\n<meta property=\"og:site_name\" content=\"TSS HVA\" \/>\n<meta property=\"article:modified_time\" content=\"2025-06-06T09:28:31+00:00\" \/>\n<meta property=\"og:image\" content=\"https:\/\/demo-tss-hva.deltalabsjsc.com\/wp-content\/uploads\/2025\/06\/preview-oc4s8x.jpg\" \/>\n\t<meta property=\"og:image:width\" content=\"1200\" \/>\n\t<meta property=\"og:image:height\" content=\"600\" \/>\n\t<meta property=\"og:image:type\" content=\"image\/jpeg\" \/>\n<meta name=\"twitter:card\" content=\"summary_large_image\" \/>\n<meta name=\"twitter:label1\" content=\"Est. reading time\" \/>\n\t<meta name=\"twitter:data1\" content=\"1 minute\" \/>\n<script type=\"application\/ld+json\" class=\"yoast-schema-graph\">{\"@context\":\"https:\/\/schema.org\",\"@graph\":[{\"@type\":\"WebPage\",\"@id\":\"https:\/\/demo-tss-hva.deltalabsjsc.com\/lien-he\/\",\"url\":\"https:\/\/demo-tss-hva.deltalabsjsc.com\/lien-he\/\",\"name\":\"\u0110\u1ea7u t\u01b0 t\u00e0i s\u1ea3n s\u1ed1 d\u1ec5 d\u00e0ng, an to\u00e0n v\u00e0 sinh l\u1ee3i v\u01b0\u1ee3t tr\u1ed9i\",\"isPartOf\":{\"@id\":\"https:\/\/demo-tss-hva.deltalabsjsc.com\/#website\"},\"primaryImageOfPage\":{\"@id\":\"https:\/\/demo-tss-hva.deltalabsjsc.com\/lien-he\/#primaryimage\"},\"image\":{\"@id\":\"https:\/\/demo-tss-hva.deltalabsjsc.com\/lien-he\/#primaryimage\"},\"thumbnailUrl\":\"https:\/\/demo-tss-hva.deltalabsjsc.com\/wp-content\/uploads\/2025\/06\/preview-oc4s8x.jpg\",\"datePublished\":\"2025-06-06T01:47:35+00:00\",\"dateModified\":\"2025-06-06T09:28:31+00:00\",\"description\":\"T\u1eadn d\u1ee5ng s\u1ee9c m\u1ea1nh c\u1ee7a n\u1ec1n t\u1ea3ng blockchain \u0111\u1ec3 t\u1ea1o ngu\u1ed3n thu nh\u1eadp b\u1ec1n v\u1eefng. Qu\u1ea3n l\u00fd t\u00e0i s\u1ea3n hi\u1ec7u qu\u1ea3 v\u00e0 t\u1ed1i \u01b0u l\u1ee3i nhu\u1eadn v\u1edbi c\u00f4ng ngh\u1ec7 ti\u00ean ti\u1ebfn.\",\"breadcrumb\":{\"@id\":\"https:\/\/demo-tss-hva.deltalabsjsc.com\/lien-he\/#breadcrumb\"},\"inLanguage\":\"en-US\",\"potentialAction\":[{\"@type\":\"ReadAction\",\"target\":[\"https:\/\/demo-tss-hva.deltalabsjsc.com\/lien-he\/\"]}]},{\"@type\":\"ImageObject\",\"inLanguage\":\"en-US\",\"@id\":\"https:\/\/demo-tss-hva.deltalabsjsc.com\/lien-he\/#primaryimage\",\"url\":\"https:\/\/demo-tss-hva.deltalabsjsc.com\/wp-content\/uploads\/2025\/06\/preview-oc4s8x.jpg\",\"contentUrl\":\"https:\/\/demo-tss-hva.deltalabsjsc.com\/wp-content\/uploads\/2025\/06\/preview-oc4s8x.jpg\",\"width\":1200,\"height\":600},{\"@type\":\"BreadcrumbList\",\"@id\":\"https:\/\/demo-tss-hva.deltalabsjsc.com\/lien-he\/#breadcrumb\",\"itemListElement\":[{\"@type\":\"ListItem\",\"position\":1,\"name\":\"Trang ch\u1ee7\",\"item\":\"https:\/\/demo-tss-hva.deltalabsjsc.com\/\"},{\"@type\":\"ListItem\",\"position\":2,\"name\":\"Li\u00ean h\u1ec7\"}]},{\"@type\":\"WebSite\",\"@id\":\"https:\/\/demo-tss-hva.deltalabsjsc.com\/#website\",\"url\":\"https:\/\/demo-tss-hva.deltalabsjsc.com\/\",\"name\":\"TSS HVA\",\"description\":\"\",\"publisher\":{\"@id\":\"https:\/\/demo-tss-hva.deltalabsjsc.com\/#organization\"},\"potentialAction\":[{\"@type\":\"SearchAction\",\"target\":{\"@type\":\"EntryPoint\",\"urlTemplate\":\"https:\/\/demo-tss-hva.deltalabsjsc.com\/?s={search_term_string}\"},\"query-input\":{\"@type\":\"PropertyValueSpecification\",\"valueRequired\":true,\"valueName\":\"search_term_string\"}}],\"inLanguage\":\"en-US\"},{\"@type\":\"Organization\",\"@id\":\"https:\/\/demo-tss-hva.deltalabsjsc.com\/#organization\",\"name\":\"TSS HVA\",\"url\":\"https:\/\/demo-tss-hva.deltalabsjsc.com\/\",\"logo\":{\"@type\":\"ImageObject\",\"inLanguage\":\"en-US\",\"@id\":\"https:\/\/demo-tss-hva.deltalabsjsc.com\/#\/schema\/logo\/image\/\",\"url\":\"https:\/\/demo-tss-hva.deltalabsjsc.com\/wp-content\/uploads\/2025\/06\/logo-nbruyj.webp\",\"contentUrl\":\"https:\/\/demo-tss-hva.deltalabsjsc.com\/wp-content\/uploads\/2025\/06\/logo-nbruyj.webp\",\"width\":256,\"height\":130,\"caption\":\"TSS HVA\"},\"image\":{\"@id\":\"https:\/\/demo-tss-hva.deltalabsjsc.com\/#\/schema\/logo\/image\/\"}}]}<\/script>\n<!-- \/ Yoast SEO plugin. -->","yoast_head_json":{"title":"\u0110\u1ea7u t\u01b0 t\u00e0i s\u1ea3n s\u1ed1 d\u1ec5 d\u00e0ng, an to\u00e0n v\u00e0 sinh l\u1ee3i v\u01b0\u1ee3t tr\u1ed9i","description":"T\u1eadn d\u1ee5ng s\u1ee9c m\u1ea1nh c\u1ee7a n\u1ec1n t\u1ea3ng blockchain \u0111\u1ec3 t\u1ea1o ngu\u1ed3n thu nh\u1eadp b\u1ec1n v\u1eefng. Qu\u1ea3n l\u00fd t\u00e0i s\u1ea3n hi\u1ec7u qu\u1ea3 v\u00e0 t\u1ed1i \u01b0u l\u1ee3i nhu\u1eadn v\u1edbi c\u00f4ng ngh\u1ec7 ti\u00ean ti\u1ebfn.","robots":{"index":"noindex","follow":"follow","max-snippet":"max-snippet:-1","max-image-preview":"max-image-preview:large","max-video-preview":"max-video-preview:-1"},"og_locale":"en_US","og_type":"article","og_title":"\u0110\u1ea7u t\u01b0 t\u00e0i s\u1ea3n s\u1ed1 d\u1ec5 d\u00e0ng, an to\u00e0n v\u00e0 sinh l\u1ee3i v\u01b0\u1ee3t tr\u1ed9i","og_description":"T\u1eadn d\u1ee5ng s\u1ee9c m\u1ea1nh c\u1ee7a n\u1ec1n t\u1ea3ng blockchain \u0111\u1ec3 t\u1ea1o ngu\u1ed3n thu nh\u1eadp b\u1ec1n v\u1eefng. Qu\u1ea3n l\u00fd t\u00e0i s\u1ea3n hi\u1ec7u qu\u1ea3 v\u00e0 t\u1ed1i \u01b0u l\u1ee3i nhu\u1eadn v\u1edbi c\u00f4ng ngh\u1ec7 ti\u00ean ti\u1ebfn.","og_url":"https:\/\/demo-tss-hva.deltalabsjsc.com\/en\/contact\/","og_site_name":"TSS HVA","article_modified_time":"2025-06-06T09:28:31+00:00","og_image":[{"width":1200,"height":600,"url":"https:\/\/demo-tss-hva.deltalabsjsc.com\/wp-content\/uploads\/2025\/06\/preview-oc4s8x.jpg","type":"image\/jpeg"}],"twitter_card":"summary_large_image","twitter_misc":{"Est. reading time":"1 minute"},"schema":{"@context":"https:\/\/schema.org","@graph":[{"@type":"WebPage","@id":"https:\/\/demo-tss-hva.deltalabsjsc.com\/lien-he\/","url":"https:\/\/demo-tss-hva.deltalabsjsc.com\/lien-he\/","name":"\u0110\u1ea7u t\u01b0 t\u00e0i s\u1ea3n s\u1ed1 d\u1ec5 d\u00e0ng, an to\u00e0n v\u00e0 sinh l\u1ee3i v\u01b0\u1ee3t tr\u1ed9i","isPartOf":{"@id":"https:\/\/demo-tss-hva.deltalabsjsc.com\/#website"},"primaryImageOfPage":{"@id":"https:\/\/demo-tss-hva.deltalabsjsc.com\/lien-he\/#primaryimage"},"image":{"@id":"https:\/\/demo-tss-hva.deltalabsjsc.com\/lien-he\/#primaryimage"},"thumbnailUrl":"https:\/\/demo-tss-hva.deltalabsjsc.com\/wp-content\/uploads\/2025\/06\/preview-oc4s8x.jpg","datePublished":"2025-06-06T01:47:35+00:00","dateModified":"2025-06-06T09:28:31+00:00","description":"T\u1eadn d\u1ee5ng s\u1ee9c m\u1ea1nh c\u1ee7a n\u1ec1n t\u1ea3ng blockchain \u0111\u1ec3 t\u1ea1o ngu\u1ed3n thu nh\u1eadp b\u1ec1n v\u1eefng. Qu\u1ea3n l\u00fd t\u00e0i s\u1ea3n hi\u1ec7u qu\u1ea3 v\u00e0 t\u1ed1i \u01b0u l\u1ee3i nhu\u1eadn v\u1edbi c\u00f4ng ngh\u1ec7 ti\u00ean ti\u1ebfn.","breadcrumb":{"@id":"https:\/\/demo-tss-hva.deltalabsjsc.com\/lien-he\/#breadcrumb"},"inLanguage":"en-US","potentialAction":[{"@type":"ReadAction","target":["https:\/\/demo-tss-hva.deltalabsjsc.com\/lien-he\/"]}]},{"@type":"ImageObject","inLanguage":"en-US","@id":"https:\/\/demo-tss-hva.deltalabsjsc.com\/lien-he\/#primaryimage","url":"https:\/\/demo-tss-hva.deltalabsjsc.com\/wp-content\/uploads\/2025\/06\/preview-oc4s8x.jpg","contentUrl":"https:\/\/demo-tss-hva.deltalabsjsc.com\/wp-content\/uploads\/2025\/06\/preview-oc4s8x.jpg","width":1200,"height":600},{"@type":"BreadcrumbList","@id":"https:\/\/demo-tss-hva.deltalabsjsc.com\/lien-he\/#breadcrumb","itemListElement":[{"@type":"ListItem","position":1,"name":"Trang ch\u1ee7","item":"https:\/\/demo-tss-hva.deltalabsjsc.com\/"},{"@type":"ListItem","position":2,"name":"Li\u00ean h\u1ec7"}]},{"@type":"WebSite","@id":"https:\/\/demo-tss-hva.deltalabsjsc.com\/#website","url":"https:\/\/demo-tss-hva.deltalabsjsc.com\/","name":"TSS HVA","description":"","publisher":{"@id":"https:\/\/demo-tss-hva.deltalabsjsc.com\/#organization"},"potentialAction":[{"@type":"SearchAction","target":{"@type":"EntryPoint","urlTemplate":"https:\/\/demo-tss-hva.deltalabsjsc.com\/?s={search_term_string}"},"query-input":{"@type":"PropertyValueSpecification","valueRequired":true,"valueName":"search_term_string"}}],"inLanguage":"en-US"},{"@type":"Organization","@id":"https:\/\/demo-tss-hva.deltalabsjsc.com\/#organization","name":"TSS HVA","url":"https:\/\/demo-tss-hva.deltalabsjsc.com\/","logo":{"@type":"ImageObject","inLanguage":"en-US","@id":"https:\/\/demo-tss-hva.deltalabsjsc.com\/#\/schema\/logo\/image\/","url":"https:\/\/demo-tss-hva.deltalabsjsc.com\/wp-content\/uploads\/2025\/06\/logo-nbruyj.webp","contentUrl":"https:\/\/demo-tss-hva.deltalabsjsc.com\/wp-content\/uploads\/2025\/06\/logo-nbruyj.webp","width":256,"height":130,"caption":"TSS HVA"},"image":{"@id":"https:\/\/demo-tss-hva.deltalabsjsc.com\/#\/schema\/logo\/image\/"}}]}},"_links":{"self":[{"href":"https:\/\/demo-tss-hva.deltalabsjsc.com\/en\/wp-json\/wp\/v2\/pages\/283","targetHints":{"allow":["GET"]}}],"collection":[{"href":"https:\/\/demo-tss-hva.deltalabsjsc.com\/en\/wp-json\/wp\/v2\/pages"}],"about":[{"href":"https:\/\/demo-tss-hva.deltalabsjsc.com\/en\/wp-json\/wp\/v2\/types\/page"}],"author":[{"embeddable":true,"href":"https:\/\/demo-tss-hva.deltalabsjsc.com\/en\/wp-json\/wp\/v2\/users\/1"}],"replies":[{"embeddable":true,"href":"https:\/\/demo-tss-hva.deltalabsjsc.com\/en\/wp-json\/wp\/v2\/comments?post=283"}],"version-history":[{"count":0,"href":"https:\/\/demo-tss-hva.deltalabsjsc.com\/en\/wp-json\/wp\/v2\/pages\/283\/revisions"}],"wp:featuredmedia":[{"embeddable":true,"href":"https:\/\/demo-tss-hva.deltalabsjsc.com\/en\/wp-json\/wp\/v2\/media\/35"}],"wp:attachment":[{"href":"https:\/\/demo-tss-hva.deltalabsjsc.com\/en\/wp-json\/wp\/v2\/media?parent=283"}],"curies":[{"name":"wp","href":"https:\/\/api.w.org\/{rel}","templated":true}]}}